{"id":2178,"date":"2023-03-23T14:39:36","date_gmt":"2023-03-23T14:39:36","guid":{"rendered":"https:\/\/maisonboutique.app\/?page_id=2178"},"modified":"2024-03-07T17:21:15","modified_gmt":"2024-03-07T17:21:15","slug":"mobilita","status":"publish","type":"page","link":"https:\/\/maisonboutique.app\/en\/mobilita","title":{"rendered":"Mobility"},"content":{"rendered":"<div data-elementor-type=\"wp-page\" data-elementor-id=\"2178\" class=\"elementor elementor-2178\" data-elementor-post-type=\"page\">\n\t\t\t\t\t\t<section class=\"elementor-section elementor-top-section elementor-element elementor-element-47dddf1 elementor-section-boxed elementor-section-height-default elementor-section-height-default\" data-id=\"47dddf1\" data-element_type=\"section\" data-e-type=\"section\" data-settings=\"{&quot;background_background&quot;:&quot;classic&quot;,&quot;jet_parallax_layout_list&quot;:[]}\">\n\t\t\t\t\t\t<div class=\"elementor-container elementor-column-gap-default\">\n\t\t\t\t\t<div class=\"elementor-column elementor-col-33 elementor-top-column elementor-element elementor-element-aac04a8\" data-id=\"aac04a8\" data-element_type=\"column\" data-e-type=\"column\">\n\t\t\t<div class=\"elementor-widget-wrap\">\n\t\t\t\t\t\t\t<\/div>\n\t\t<\/div>\n\t\t\t\t<div class=\"elementor-column elementor-col-33 elementor-top-column elementor-element elementor-element-b352e20\" data-id=\"b352e20\" data-element_type=\"column\" data-e-type=\"column\">\n\t\t\t<div class=\"elementor-widget-wrap elementor-element-populated\">\n\t\t\t\t\t\t<div class=\"elementor-element elementor-element-4b50400 elementor-widget elementor-widget-image\" data-id=\"4b50400\" data-element_type=\"widget\" data-e-type=\"widget\" data-widget_type=\"image.default\">\n\t\t\t\t<div class=\"elementor-widget-container\">\n\t\t\t\t\t\t\t\t\t\t\t\t\t\t\t<img fetchpriority=\"high\" decoding=\"async\" width=\"250\" height=\"235\" src=\"https:\/\/maisonboutique.app\/wp-content\/uploads\/2022\/05\/mb250-grigrio-s.png\" class=\"attachment-full size-full wp-image-938\" alt=\"\" srcset=\"https:\/\/maisonboutique.app\/wp-content\/uploads\/2022\/05\/mb250-grigrio-s.png 250w, https:\/\/maisonboutique.app\/wp-content\/uploads\/2022\/05\/mb250-grigrio-s-13x12.png 13w\" sizes=\"(max-width: 250px) 100vw, 250px\" \/>\t\t\t\t\t\t\t\t\t\t\t\t\t\t\t<\/div>\n\t\t\t\t<\/div>\n\t\t\t\t\t<\/div>\n\t\t<\/div>\n\t\t\t\t<div class=\"elementor-column elementor-col-33 elementor-top-column elementor-element elementor-element-7d85456\" data-id=\"7d85456\" data-element_type=\"column\" data-e-type=\"column\">\n\t\t\t<div class=\"elementor-widget-wrap\">\n\t\t\t\t\t\t\t<\/div>\n\t\t<\/div>\n\t\t\t\t\t<\/div>\n\t\t<\/section>\n\t\t\t\t<section class=\"elementor-section elementor-top-section elementor-element elementor-element-9b680c1 elementor-section-boxed elementor-section-height-default elementor-section-height-default\" data-id=\"9b680c1\" data-element_type=\"section\" data-e-type=\"section\" data-settings=\"{&quot;background_background&quot;:&quot;classic&quot;,&quot;jet_parallax_layout_list&quot;:[]}\">\n\t\t\t\t\t\t<div class=\"elementor-container elementor-column-gap-default\">\n\t\t\t\t\t<div class=\"elementor-column elementor-col-100 elementor-top-column elementor-element elementor-element-a7bff1d\" data-id=\"a7bff1d\" data-element_type=\"column\" data-e-type=\"column\">\n\t\t\t<div class=\"elementor-widget-wrap elementor-element-populated\">\n\t\t\t\t\t\t<div class=\"elementor-element elementor-element-1d00747 elementor-widget elementor-widget-heading\" data-id=\"1d00747\" data-element_type=\"widget\" data-e-type=\"widget\" data-widget_type=\"heading.default\">\n\t\t\t\t<div class=\"elementor-widget-container\">\n\t\t\t\t\t<h2 class=\"elementor-heading-title elementor-size-default\">MOBILITY<\/h2>\t\t\t\t<\/div>\n\t\t\t\t<\/div>\n\t\t\t\t\t<\/div>\n\t\t<\/div>\n\t\t\t\t\t<\/div>\n\t\t<\/section>\n\t\t\t\t<section class=\"elementor-section elementor-top-section elementor-element elementor-element-4b51cb5 elementor-section-boxed elementor-section-height-default elementor-section-height-default\" data-id=\"4b51cb5\" data-element_type=\"section\" data-e-type=\"section\" data-settings=\"{&quot;background_background&quot;:&quot;classic&quot;,&quot;jet_parallax_layout_list&quot;:[]}\">\n\t\t\t\t\t\t<div class=\"elementor-container elementor-column-gap-default\">\n\t\t\t\t\t<div class=\"elementor-column elementor-col-100 elementor-top-column elementor-element elementor-element-2e353cf\" data-id=\"2e353cf\" data-element_type=\"column\" data-e-type=\"column\">\n\t\t\t<div class=\"elementor-widget-wrap elementor-element-populated\">\n\t\t\t\t\t\t<div class=\"elementor-element elementor-element-ba9bf71 elementor-widget elementor-widget-image\" data-id=\"ba9bf71\" data-element_type=\"widget\" data-e-type=\"widget\" data-widget_type=\"image.default\">\n\t\t\t\t<div class=\"elementor-widget-container\">\n\t\t\t\t\t\t\t\t\t\t\t\t\t\t\t<img decoding=\"async\" width=\"660\" height=\"300\" src=\"https:\/\/maisonboutique.app\/wp-content\/uploads\/2023\/03\/actv.jpg\" class=\"attachment-large size-large wp-image-2187\" alt=\"\" srcset=\"https:\/\/maisonboutique.app\/wp-content\/uploads\/2023\/03\/actv.jpg 660w, https:\/\/maisonboutique.app\/wp-content\/uploads\/2023\/03\/actv-300x136.jpg 300w, https:\/\/maisonboutique.app\/wp-content\/uploads\/2023\/03\/actv-18x8.jpg 18w\" sizes=\"(max-width: 660px) 100vw, 660px\" \/>\t\t\t\t\t\t\t\t\t\t\t\t\t\t\t<\/div>\n\t\t\t\t<\/div>\n\t\t\t\t\t<\/div>\n\t\t<\/div>\n\t\t\t\t\t<\/div>\n\t\t<\/section>\n\t\t\t\t<section class=\"elementor-section elementor-top-section elementor-element elementor-element-504d760 elementor-section-boxed elementor-section-height-default elementor-section-height-default\" data-id=\"504d760\" data-element_type=\"section\" data-e-type=\"section\" data-settings=\"{&quot;jet_parallax_layout_list&quot;:[]}\">\n\t\t\t\t\t\t<div class=\"elementor-container elementor-column-gap-default\">\n\t\t\t\t\t<div class=\"elementor-column elementor-col-100 elementor-top-column elementor-element elementor-element-40b6b5d\" data-id=\"40b6b5d\" data-element_type=\"column\" data-e-type=\"column\">\n\t\t\t<div class=\"elementor-widget-wrap elementor-element-populated\">\n\t\t\t\t\t\t<div class=\"elementor-element elementor-element-f01a8bb elementor-widget elementor-widget-text-editor\" data-id=\"f01a8bb\" data-element_type=\"widget\" data-e-type=\"widget\" data-widget_type=\"text-editor.default\">\n\t\t\t\t<div class=\"elementor-widget-container\">\n\t\t\t\t\t\t\t\t\t<p style=\"text-align: center;\">One of the peculiarities of Venice, in addition to its history and art, is that all transportation occurs via water or on foot. Therefore, all movement of people and goods is provided by a network of public and private vaporetti (waterbuses) and boats, including:<\/p>\t\t\t\t\t\t\t\t<\/div>\n\t\t\t\t<\/div>\n\t\t\t\t\t<\/div>\n\t\t<\/div>\n\t\t\t\t\t<\/div>\n\t\t<\/section>\n\t\t\t\t<section class=\"elementor-section elementor-top-section elementor-element elementor-element-7948027 elementor-section-boxed elementor-section-height-default elementor-section-height-default\" data-id=\"7948027\" data-element_type=\"section\" data-e-type=\"section\" data-settings=\"{&quot;jet_parallax_layout_list&quot;:[]}\">\n\t\t\t\t\t\t<div class=\"elementor-container elementor-column-gap-default\">\n\t\t\t\t\t<div class=\"elementor-column elementor-col-100 elementor-top-column elementor-element elementor-element-bda4c27\" data-id=\"bda4c27\" data-element_type=\"column\" data-e-type=\"column\">\n\t\t\t<div class=\"elementor-widget-wrap elementor-element-populated\">\n\t\t\t\t\t\t<div class=\"elementor-element elementor-element-184d067 elementor-align-center elementor-mobile-align-start elementor-icon-list--layout-traditional elementor-list-item-link-full_width elementor-widget elementor-widget-icon-list\" data-id=\"184d067\" data-element_type=\"widget\" data-e-type=\"widget\" data-widget_type=\"icon-list.default\">\n\t\t\t\t<div class=\"elementor-widget-container\">\n\t\t\t\t\t\t\t<ul class=\"elementor-icon-list-items\">\n\t\t\t\t\t\t\t<li class=\"elementor-icon-list-item\">\n\t\t\t\t\t\t\t\t\t\t\t<span class=\"elementor-icon-list-icon\">\n\t\t\t\t\t\t\t<i aria-hidden=\"true\" class=\"fas fa-ship\"><\/i>\t\t\t\t\t\t<\/span>\n\t\t\t\t\t\t\t\t\t\t<span class=\"elementor-icon-list-text\">ACTV, which operates not only the vaporetti but also transportation by land to Mestre and Veneto;<\/span>\n\t\t\t\t\t\t\t\t\t<\/li>\n\t\t\t\t\t\t\t\t<li class=\"elementor-icon-list-item\">\n\t\t\t\t\t\t\t\t\t\t\t<span class=\"elementor-icon-list-icon\">\n\t\t\t\t\t\t\t<i aria-hidden=\"true\" class=\"fas fa-ship\"><\/i>\t\t\t\t\t\t<\/span>\n\t\t\t\t\t\t\t\t\t\t<span class=\"elementor-icon-list-text\">Alilaguna, for the service to and from Marco Polo Airport (and more);<\/span>\n\t\t\t\t\t\t\t\t\t<\/li>\n\t\t\t\t\t\t\t\t<li class=\"elementor-icon-list-item\">\n\t\t\t\t\t\t\t\t\t\t\t<span class=\"elementor-icon-list-icon\">\n\t\t\t\t\t\t\t<i aria-hidden=\"true\" class=\"fas fa-ship\"><\/i>\t\t\t\t\t\t<\/span>\n\t\t\t\t\t\t\t\t\t\t<span class=\"elementor-icon-list-text\">Water taxis<\/span>\n\t\t\t\t\t\t\t\t\t<\/li>\n\t\t\t\t\t\t<\/ul>\n\t\t\t\t\t\t<\/div>\n\t\t\t\t<\/div>\n\t\t\t\t\t<\/div>\n\t\t<\/div>\n\t\t\t\t\t<\/div>\n\t\t<\/section>\n\t\t\t\t<section class=\"elementor-section elementor-top-section elementor-element elementor-element-daac41b elementor-section-boxed elementor-section-height-default elementor-section-height-default\" data-id=\"daac41b\" data-element_type=\"section\" data-e-type=\"section\" data-settings=\"{&quot;jet_parallax_layout_list&quot;:[]}\">\n\t\t\t\t\t\t<div class=\"elementor-container elementor-column-gap-default\">\n\t\t\t\t\t<div class=\"elementor-column elementor-col-100 elementor-top-column elementor-element elementor-element-dc446c2\" data-id=\"dc446c2\" data-element_type=\"column\" data-e-type=\"column\">\n\t\t\t<div class=\"elementor-widget-wrap elementor-element-populated\">\n\t\t\t\t\t\t<div class=\"elementor-element elementor-element-de656d9 elementor-widget elementor-widget-text-editor\" data-id=\"de656d9\" data-element_type=\"widget\" data-e-type=\"widget\" data-widget_type=\"text-editor.default\">\n\t\t\t\t<div class=\"elementor-widget-container\">\n\t\t\t\t\t\t\t\t\t<p>Here are some useful links (there are also apps on smartphones):<\/p><p>\u2192 Vaporetti timetable:<\/p><p><a href=\"https:\/\/chebateo.it\/\">https:\/\/chebateo.it\/<\/a><\/p><p>\u2192 ACTV navigation lines, prices, timetables:<\/p><p><a href=\"https:\/\/actv.avmspa.it\/it\">https:\/\/actv.avmspa.it\/it<\/a><\/p><p>\u2192 Alilaguna:<\/p><p><a href=\"https:\/\/www.alilaguna.it\/\">https:\/\/www.alilaguna.it\/<\/a><\/p><p>Taxi Services 24\/24:<\/p><p><a href=\"https:\/\/venicedreamwatertaxi.com\/\">https:\/\/venicedreamwatertaxi.com\/<\/a><\/p>\t\t\t\t\t\t\t\t<\/div>\n\t\t\t\t<\/div>\n\t\t\t\t\t<\/div>\n\t\t<\/div>\n\t\t\t\t\t<\/div>\n\t\t<\/section>\n\t\t\t\t<section class=\"elementor-section elementor-top-section elementor-element elementor-element-ed49360 elementor-section-boxed elementor-section-height-default elementor-section-height-default\" data-id=\"ed49360\" data-element_type=\"section\" data-e-type=\"section\" data-settings=\"{&quot;jet_parallax_layout_list&quot;:[]}\">\n\t\t\t\t\t\t<div class=\"elementor-container elementor-column-gap-default\">\n\t\t\t\t\t<div class=\"elementor-column elementor-col-100 elementor-top-column elementor-element elementor-element-86d06db\" data-id=\"86d06db\" data-element_type=\"column\" data-e-type=\"column\">\n\t\t\t<div class=\"elementor-widget-wrap elementor-element-populated\">\n\t\t\t\t\t\t<div class=\"elementor-element elementor-element-262f783 elementor-widget elementor-widget-spacer\" data-id=\"262f783\" data-element_type=\"widget\" data-e-type=\"widget\" data-widget_type=\"spacer.default\">\n\t\t\t\t<div class=\"elementor-widget-container\">\n\t\t\t\t\t\t\t<div class=\"elementor-spacer\">\n\t\t\t<div class=\"elementor-spacer-inner\"><\/div>\n\t\t<\/div>\n\t\t\t\t\t\t<\/div>\n\t\t\t\t<\/div>\n\t\t\t\t\t<\/div>\n\t\t<\/div>\n\t\t\t\t\t<\/div>\n\t\t<\/section>\n\t\t\t\t<\/div>","protected":false},"excerpt":{"rendered":"<p>MOBILIT\u00c0 Una delle peculiarit\u00e0 di Venezia, oltre alla storia e all\u2019arte, \u00e8 che tutta la viabilit\u00e0 avviene via acqua oppure a piedi. Per cui tutti gli spostamenti di persone e merci sono garantiti da una rete di vaporetti e barche pubbliche e private tra cui: ACTV gestisce oltre ai vaporetti anche gli spostamenti su gomma [&hellip;]<\/p>\n","protected":false},"author":1,"featured_media":0,"parent":0,"menu_order":0,"comment_status":"closed","ping_status":"closed","template":"","meta":{"footnotes":""},"class_list":["post-2178","page","type-page","status-publish","hentry"],"yoast_head":"<!-- This site is optimized with the Yoast SEO Premium plugin v20.2.1 (Yoast SEO v27.3) - https:\/\/yoast.com\/product\/yoast-seo-premium-wordpress\/ -->\n<title>Mobilit\u00e0 -<\/title>\n<meta name=\"robots\" content=\"noindex, follow, max-snippet:-1, max-image-preview:large, max-video-preview:-1\" \/>\n<meta property=\"og:locale\" content=\"en_GB\" \/>\n<meta property=\"og:type\" content=\"article\" \/>\n<meta property=\"og:title\" content=\"Mobilit\u00e0\" \/>\n<meta property=\"og:description\" content=\"MOBILIT\u00c0 Una delle peculiarit\u00e0 di Venezia, oltre alla storia e all\u2019arte, \u00e8 che tutta la viabilit\u00e0 avviene via acqua oppure a piedi. Per cui tutti gli spostamenti di persone e merci sono garantiti da una rete di vaporetti e barche pubbliche e private tra cui: ACTV gestisce oltre ai vaporetti anche gli spostamenti su gomma [&hellip;]\" \/>\n<meta property=\"og:url\" content=\"https:\/\/maisonboutique.app\/en\/mobilita\/\" \/>\n<meta property=\"article:modified_time\" content=\"2024-03-07T17:21:15+00:00\" \/>\n<meta property=\"og:image\" content=\"https:\/\/maisonboutique.app\/wp-content\/uploads\/2022\/05\/mb250-grigrio-s.png\" \/>\n<meta name=\"twitter:card\" content=\"summary_large_image\" \/>\n<meta name=\"twitter:label1\" content=\"Estimated reading time\" \/>\n\t<meta name=\"twitter:data1\" content=\"1 minute\" \/>\n<script type=\"application\/ld+json\" class=\"yoast-schema-graph\">{\"@context\":\"https:\\\/\\\/schema.org\",\"@graph\":[{\"@type\":\"WebPage\",\"@id\":\"https:\\\/\\\/maisonboutique.app\\\/mobilita\",\"url\":\"https:\\\/\\\/maisonboutique.app\\\/mobilita\",\"name\":\"Mobilit\u00e0 -\",\"isPartOf\":{\"@id\":\"https:\\\/\\\/maisonboutique.app\\\/#website\"},\"primaryImageOfPage\":{\"@id\":\"https:\\\/\\\/maisonboutique.app\\\/mobilita#primaryimage\"},\"image\":{\"@id\":\"https:\\\/\\\/maisonboutique.app\\\/mobilita#primaryimage\"},\"thumbnailUrl\":\"https:\\\/\\\/maisonboutique.app\\\/wp-content\\\/uploads\\\/2022\\\/05\\\/mb250-grigrio-s.png\",\"datePublished\":\"2023-03-23T14:39:36+00:00\",\"dateModified\":\"2024-03-07T17:21:15+00:00\",\"breadcrumb\":{\"@id\":\"https:\\\/\\\/maisonboutique.app\\\/mobilita#breadcrumb\"},\"inLanguage\":\"en-GB\",\"potentialAction\":[{\"@type\":\"ReadAction\",\"target\":[\"https:\\\/\\\/maisonboutique.app\\\/mobilita\"]}]},{\"@type\":\"ImageObject\",\"inLanguage\":\"en-GB\",\"@id\":\"https:\\\/\\\/maisonboutique.app\\\/mobilita#primaryimage\",\"url\":\"https:\\\/\\\/maisonboutique.app\\\/wp-content\\\/uploads\\\/2022\\\/05\\\/mb250-grigrio-s.png\",\"contentUrl\":\"https:\\\/\\\/maisonboutique.app\\\/wp-content\\\/uploads\\\/2022\\\/05\\\/mb250-grigrio-s.png\"},{\"@type\":\"BreadcrumbList\",\"@id\":\"https:\\\/\\\/maisonboutique.app\\\/mobilita#breadcrumb\",\"itemListElement\":[{\"@type\":\"ListItem\",\"position\":1,\"name\":\"Home\",\"item\":\"https:\\\/\\\/maisonboutique.app\\\/\"},{\"@type\":\"ListItem\",\"position\":2,\"name\":\"Mobilit\u00e0\"}]},{\"@type\":\"WebSite\",\"@id\":\"https:\\\/\\\/maisonboutique.app\\\/#website\",\"url\":\"https:\\\/\\\/maisonboutique.app\\\/\",\"name\":\"\",\"description\":\"\",\"potentialAction\":[{\"@type\":\"SearchAction\",\"target\":{\"@type\":\"EntryPoint\",\"urlTemplate\":\"https:\\\/\\\/maisonboutique.app\\\/?s={search_term_string}\"},\"query-input\":{\"@type\":\"PropertyValueSpecification\",\"valueRequired\":true,\"valueName\":\"search_term_string\"}}],\"inLanguage\":\"en-GB\"}]}<\/script>\n<!-- \/ Yoast SEO Premium plugin. -->","yoast_head_json":{"title":"Mobilit\u00e0 -","robots":{"index":"noindex","follow":"follow","max-snippet":"max-snippet:-1","max-image-preview":"max-image-preview:large","max-video-preview":"max-video-preview:-1"},"og_locale":"en_GB","og_type":"article","og_title":"Mobilit\u00e0","og_description":"MOBILIT\u00c0 Una delle peculiarit\u00e0 di Venezia, oltre alla storia e all\u2019arte, \u00e8 che tutta la viabilit\u00e0 avviene via acqua oppure a piedi. Per cui tutti gli spostamenti di persone e merci sono garantiti da una rete di vaporetti e barche pubbliche e private tra cui: ACTV gestisce oltre ai vaporetti anche gli spostamenti su gomma [&hellip;]","og_url":"https:\/\/maisonboutique.app\/en\/mobilita\/","article_modified_time":"2024-03-07T17:21:15+00:00","og_image":[{"url":"https:\/\/maisonboutique.app\/wp-content\/uploads\/2022\/05\/mb250-grigrio-s.png","type":"","width":"","height":""}],"twitter_card":"summary_large_image","twitter_misc":{"Estimated reading time":"1 minute"},"schema":{"@context":"https:\/\/schema.org","@graph":[{"@type":"WebPage","@id":"https:\/\/maisonboutique.app\/mobilita","url":"https:\/\/maisonboutique.app\/mobilita","name":"Mobilit\u00e0 -","isPartOf":{"@id":"https:\/\/maisonboutique.app\/#website"},"primaryImageOfPage":{"@id":"https:\/\/maisonboutique.app\/mobilita#primaryimage"},"image":{"@id":"https:\/\/maisonboutique.app\/mobilita#primaryimage"},"thumbnailUrl":"https:\/\/maisonboutique.app\/wp-content\/uploads\/2022\/05\/mb250-grigrio-s.png","datePublished":"2023-03-23T14:39:36+00:00","dateModified":"2024-03-07T17:21:15+00:00","breadcrumb":{"@id":"https:\/\/maisonboutique.app\/mobilita#breadcrumb"},"inLanguage":"en-GB","potentialAction":[{"@type":"ReadAction","target":["https:\/\/maisonboutique.app\/mobilita"]}]},{"@type":"ImageObject","inLanguage":"en-GB","@id":"https:\/\/maisonboutique.app\/mobilita#primaryimage","url":"https:\/\/maisonboutique.app\/wp-content\/uploads\/2022\/05\/mb250-grigrio-s.png","contentUrl":"https:\/\/maisonboutique.app\/wp-content\/uploads\/2022\/05\/mb250-grigrio-s.png"},{"@type":"BreadcrumbList","@id":"https:\/\/maisonboutique.app\/mobilita#breadcrumb","itemListElement":[{"@type":"ListItem","position":1,"name":"Home","item":"https:\/\/maisonboutique.app\/"},{"@type":"ListItem","position":2,"name":"Mobilit\u00e0"}]},{"@type":"WebSite","@id":"https:\/\/maisonboutique.app\/#website","url":"https:\/\/maisonboutique.app\/","name":"","description":"","potentialAction":[{"@type":"SearchAction","target":{"@type":"EntryPoint","urlTemplate":"https:\/\/maisonboutique.app\/?s={search_term_string}"},"query-input":{"@type":"PropertyValueSpecification","valueRequired":true,"valueName":"search_term_string"}}],"inLanguage":"en-GB"}]}},"_links":{"self":[{"href":"https:\/\/maisonboutique.app\/en\/wp-json\/wp\/v2\/pages\/2178","targetHints":{"allow":["GET"]}}],"collection":[{"href":"https:\/\/maisonboutique.app\/en\/wp-json\/wp\/v2\/pages"}],"about":[{"href":"https:\/\/maisonboutique.app\/en\/wp-json\/wp\/v2\/types\/page"}],"author":[{"embeddable":true,"href":"https:\/\/maisonboutique.app\/en\/wp-json\/wp\/v2\/users\/1"}],"replies":[{"embeddable":true,"href":"https:\/\/maisonboutique.app\/en\/wp-json\/wp\/v2\/comments?post=2178"}],"version-history":[{"count":21,"href":"https:\/\/maisonboutique.app\/en\/wp-json\/wp\/v2\/pages\/2178\/revisions"}],"predecessor-version":[{"id":2622,"href":"https:\/\/maisonboutique.app\/en\/wp-json\/wp\/v2\/pages\/2178\/revisions\/2622"}],"wp:attachment":[{"href":"https:\/\/maisonboutique.app\/en\/wp-json\/wp\/v2\/media?parent=2178"}],"curies":[{"name":"wp","href":"https:\/\/api.w.org\/{rel}","templated":true}]}}