{"id":2194,"date":"2023-03-23T15:45:36","date_gmt":"2023-03-23T15:45:36","guid":{"rendered":"https:\/\/maisonboutique.app\/?page_id=2194"},"modified":"2023-04-24T12:54:53","modified_gmt":"2023-04-24T12:54:53","slug":"attivita-allaperto-venezia","status":"publish","type":"page","link":"https:\/\/maisonboutique.app\/en\/attivita-allaperto-venezia","title":{"rendered":"Attivit\u00e0 all&#8217;aperto Venezia"},"content":{"rendered":"<div data-elementor-type=\"wp-page\" data-elementor-id=\"2194\" class=\"elementor elementor-2194\" data-elementor-post-type=\"page\">\n\t\t\t\t\t\t<section class=\"elementor-section elementor-top-section elementor-element elementor-element-a1ebce0 elementor-section-boxed elementor-section-height-default elementor-section-height-default\" data-id=\"a1ebce0\" data-element_type=\"section\" data-e-type=\"section\" data-settings=\"{&quot;background_background&quot;:&quot;classic&quot;,&quot;jet_parallax_layout_list&quot;:[]}\">\n\t\t\t\t\t\t<div class=\"elementor-container elementor-column-gap-default\">\n\t\t\t\t\t<div class=\"elementor-column elementor-col-33 elementor-top-column elementor-element elementor-element-abb19b4\" data-id=\"abb19b4\" data-element_type=\"column\" data-e-type=\"column\">\n\t\t\t<div class=\"elementor-widget-wrap\">\n\t\t\t\t\t\t\t<\/div>\n\t\t<\/div>\n\t\t\t\t<div class=\"elementor-column elementor-col-33 elementor-top-column elementor-element elementor-element-1c78cc6\" data-id=\"1c78cc6\" data-element_type=\"column\" data-e-type=\"column\">\n\t\t\t<div class=\"elementor-widget-wrap elementor-element-populated\">\n\t\t\t\t\t\t<div class=\"elementor-element elementor-element-45b3d61 elementor-widget elementor-widget-image\" data-id=\"45b3d61\" data-element_type=\"widget\" data-e-type=\"widget\" data-widget_type=\"image.default\">\n\t\t\t\t<div class=\"elementor-widget-container\">\n\t\t\t\t\t\t\t\t\t\t\t\t\t\t\t<img fetchpriority=\"high\" decoding=\"async\" width=\"250\" height=\"235\" src=\"https:\/\/maisonboutique.app\/wp-content\/uploads\/2022\/05\/mb250-grigrio-s.png\" class=\"attachment-full size-full wp-image-938\" alt=\"\" srcset=\"https:\/\/maisonboutique.app\/wp-content\/uploads\/2022\/05\/mb250-grigrio-s.png 250w, https:\/\/maisonboutique.app\/wp-content\/uploads\/2022\/05\/mb250-grigrio-s-13x12.png 13w\" sizes=\"(max-width: 250px) 100vw, 250px\" \/>\t\t\t\t\t\t\t\t\t\t\t\t\t\t\t<\/div>\n\t\t\t\t<\/div>\n\t\t\t\t\t<\/div>\n\t\t<\/div>\n\t\t\t\t<div class=\"elementor-column elementor-col-33 elementor-top-column elementor-element elementor-element-5d0039b\" data-id=\"5d0039b\" data-element_type=\"column\" data-e-type=\"column\">\n\t\t\t<div class=\"elementor-widget-wrap\">\n\t\t\t\t\t\t\t<\/div>\n\t\t<\/div>\n\t\t\t\t\t<\/div>\n\t\t<\/section>\n\t\t\t\t<section class=\"elementor-section elementor-top-section elementor-element elementor-element-cf0bafd elementor-section-boxed elementor-section-height-default elementor-section-height-default\" data-id=\"cf0bafd\" data-element_type=\"section\" data-e-type=\"section\" data-settings=\"{&quot;jet_parallax_layout_list&quot;:[]}\">\n\t\t\t\t\t\t<div class=\"elementor-container elementor-column-gap-default\">\n\t\t\t\t\t<div class=\"elementor-column elementor-col-100 elementor-top-column elementor-element elementor-element-da04a2d\" data-id=\"da04a2d\" data-element_type=\"column\" data-e-type=\"column\">\n\t\t\t<div class=\"elementor-widget-wrap elementor-element-populated\">\n\t\t\t\t\t\t<div class=\"elementor-element elementor-element-4477c0b elementor-widget elementor-widget-heading\" data-id=\"4477c0b\" data-element_type=\"widget\" data-e-type=\"widget\" data-widget_type=\"heading.default\">\n\t\t\t\t<div class=\"elementor-widget-container\">\n\t\t\t\t\t<h4 class=\"elementor-heading-title elementor-size-default\">OUTDOOR ACTIVITIES<\/h4>\t\t\t\t<\/div>\n\t\t\t\t<\/div>\n\t\t\t\t\t<\/div>\n\t\t<\/div>\n\t\t\t\t\t<\/div>\n\t\t<\/section>\n\t\t\t\t<section class=\"elementor-section elementor-top-section elementor-element elementor-element-7e03a9b elementor-section-height-min-height elementor-section-full_width elementor-section-items-top elementor-section-height-default\" data-id=\"7e03a9b\" data-element_type=\"section\" data-e-type=\"section\" data-settings=\"{&quot;jet_parallax_layout_list&quot;:[]}\">\n\t\t\t\t\t\t<div class=\"elementor-container elementor-column-gap-wider\">\n\t\t\t\t\t<div class=\"elementor-column elementor-col-25 elementor-top-column elementor-element elementor-element-3c10fa6\" data-id=\"3c10fa6\" data-element_type=\"column\" data-e-type=\"column\" data-settings=\"{&quot;background_background&quot;:&quot;classic&quot;}\">\n\t\t\t<div class=\"elementor-widget-wrap elementor-element-populated\">\n\t\t\t\t\t\t<div class=\"elementor-element elementor-element-67001d7 elementor-view-default elementor-widget elementor-widget-icon\" data-id=\"67001d7\" data-element_type=\"widget\" data-e-type=\"widget\" data-widget_type=\"icon.default\">\n\t\t\t\t<div class=\"elementor-widget-container\">\n\t\t\t\t\t\t\t<div class=\"elementor-icon-wrapper\">\n\t\t\t<a class=\"elementor-icon elementor-animation-pulse-grow\" href=\"https:\/\/maisonboutique.app\/en\/attivita-per-tutti-venezia\/\">\n\t\t\t<svg xmlns=\"http:\/\/www.w3.org\/2000\/svg\" xmlns:xlink=\"http:\/\/www.w3.org\/1999\/xlink\" xmlns:svgjs=\"http:\/\/svgjs.com\/svgjs\" width=\"512\" height=\"512\" x=\"0\" y=\"0\" viewbox=\"0 0 80.13 80.13\" style=\"enable-background:new 0 0 512 512\" xml:space=\"preserve\" class=\"\"><g><path d=\"M48.355 17.922c3.705 2.323 6.303 6.254 6.776 10.817a11.69 11.69 0 0 0 4.966 1.112c6.491 0 11.752-5.261 11.752-11.751 0-6.491-5.261-11.752-11.752-11.752-6.429.002-11.644 5.169-11.742 11.574zm-7.699 24.062c6.491 0 11.752-5.262 11.752-11.752s-5.262-11.751-11.752-11.751c-6.49 0-11.754 5.262-11.754 11.752s5.264 11.751 11.754 11.751zm4.985.801h-9.972c-8.297 0-15.047 6.751-15.047 15.048v12.195l.031.191.84.263c7.918 2.474 14.797 3.299 20.459 3.299 11.059 0 17.469-3.153 17.864-3.354l.785-.397h.084V57.833c.003-8.297-6.747-15.048-15.044-15.048zm19.443-12.132h-9.895a14.483 14.483 0 0 1-4.47 10.088c7.375 2.193 12.771 9.032 12.771 17.11v3.758c9.77-.358 15.4-3.127 15.771-3.313l.785-.398h.084V45.699c0-8.296-6.75-15.046-15.046-15.046zm-45.049-.8c2.299 0 4.438-.671 6.25-1.814a14.544 14.544 0 0 1 5.467-9.276c.012-.22.033-.438.033-.66 0-6.491-5.262-11.752-11.75-11.752-6.492 0-11.752 5.261-11.752 11.752 0 6.488 5.26 11.75 11.752 11.75zm10.554 10.888a14.492 14.492 0 0 1-4.467-10.032c-.367-.027-.73-.056-1.104-.056h-9.971C6.75 30.653 0 37.403 0 45.699v12.197l.031.188.84.265c6.352 1.983 12.021 2.897 16.945 3.185v-3.683c.002-8.078 5.396-14.915 12.773-17.11z\" fill=\"#7d7773\" data-original=\"#000000\" class=\"\"><\/path><\/g><\/svg>\t\t\t<\/a>\n\t\t<\/div>\n\t\t\t\t\t\t<\/div>\n\t\t\t\t<\/div>\n\t\t\t\t<div class=\"elementor-element elementor-element-d6ec00f elementor-widget elementor-widget-heading\" data-id=\"d6ec00f\" data-element_type=\"widget\" data-e-type=\"widget\" data-widget_type=\"heading.default\">\n\t\t\t\t<div class=\"elementor-widget-container\">\n\t\t\t\t\t<h5 class=\"elementor-heading-title elementor-size-small\"><a href=\"https:\/\/maisonboutique.app\/en\/attivita-per-tutti-venezia\/\">Activities for everyone<\/a><\/h5>\t\t\t\t<\/div>\n\t\t\t\t<\/div>\n\t\t\t\t\t<\/div>\n\t\t<\/div>\n\t\t\t\t<div class=\"elementor-column elementor-col-25 elementor-top-column elementor-element elementor-element-a36a0f7\" data-id=\"a36a0f7\" data-element_type=\"column\" data-e-type=\"column\" data-settings=\"{&quot;background_background&quot;:&quot;classic&quot;}\">\n\t\t\t<div class=\"elementor-widget-wrap elementor-element-populated\">\n\t\t\t\t\t\t<div class=\"elementor-element elementor-element-48db085 elementor-view-default elementor-widget elementor-widget-icon\" data-id=\"48db085\" data-element_type=\"widget\" data-e-type=\"widget\" data-widget_type=\"icon.default\">\n\t\t\t\t<div class=\"elementor-widget-container\">\n\t\t\t\t\t\t\t<div class=\"elementor-icon-wrapper\">\n\t\t\t<a class=\"elementor-icon elementor-animation-pulse-grow\" href=\"https:\/\/maisonboutique.app\/en\/giardini-segreti-venezia\/\">\n\t\t\t<svg xmlns=\"http:\/\/www.w3.org\/2000\/svg\" xmlns:xlink=\"http:\/\/www.w3.org\/1999\/xlink\" xmlns:svgjs=\"http:\/\/svgjs.com\/svgjs\" width=\"512\" height=\"512\" x=\"0\" y=\"0\" viewbox=\"0 0 512.203 512.203\" style=\"enable-background:new 0 0 512 512\" xml:space=\"preserve\" class=\"\"><g><path d=\"M241.102 385.867v96.336H117.387v30h277.429v-30H271.102v-96.336zM186.163 271.58l21.213-21.213 33.726 33.726v-65.785l-54.938-54.938 21.213-21.213 33.726 33.725v-45.299h30v99.405l33.726-33.725 21.213 21.213-54.938 54.938v113.429H390.54c47.303 0 85.787-38.484 85.787-85.787 0-19.457-6.698-38.514-18.861-53.658-8.379-10.434-19.124-18.758-31.172-24.303 3.261-10.71 4.908-21.834 4.908-33.232 0-27.334-9.801-53.791-27.597-74.496-14.979-17.429-34.818-29.902-56.752-35.87-2.823-19.661-11.922-37.797-26.274-51.995C303.3 9.411 280.403 0 256.102 0s-47.199 9.411-64.474 26.5c-14.352 14.198-23.451 32.334-26.274 51.995-21.934 5.968-41.772 18.441-56.752 35.87-17.796 20.705-27.597 47.162-27.597 74.496 0 11.398 1.646 22.522 4.908 33.232-12.048 5.545-22.793 13.869-31.172 24.303-12.163 15.145-18.861 34.201-18.861 53.658 0 47.303 38.484 85.787 85.787 85.787h119.436v-59.323z\" fill=\"#7d7773\" data-original=\"#000000\" class=\"\"><\/path><\/g><\/svg>\t\t\t<\/a>\n\t\t<\/div>\n\t\t\t\t\t\t<\/div>\n\t\t\t\t<\/div>\n\t\t\t\t<div class=\"elementor-element elementor-element-5bbf035 elementor-widget elementor-widget-heading\" data-id=\"5bbf035\" data-element_type=\"widget\" data-e-type=\"widget\" data-widget_type=\"heading.default\">\n\t\t\t\t<div class=\"elementor-widget-container\">\n\t\t\t\t\t<h5 class=\"elementor-heading-title elementor-size-small\"><a href=\"https:\/\/maisonboutique.app\/en\/giardini-segreti-venezia\/\">Secret Gardens<\/a><\/h5>\t\t\t\t<\/div>\n\t\t\t\t<\/div>\n\t\t\t\t\t<\/div>\n\t\t<\/div>\n\t\t\t\t<div class=\"elementor-column elementor-col-25 elementor-top-column elementor-element elementor-element-1dd8f0f\" data-id=\"1dd8f0f\" data-element_type=\"column\" data-e-type=\"column\" data-settings=\"{&quot;background_background&quot;:&quot;classic&quot;}\">\n\t\t\t<div class=\"elementor-widget-wrap elementor-element-populated\">\n\t\t\t\t\t\t<div class=\"elementor-element elementor-element-5137378 elementor-view-default elementor-widget elementor-widget-icon\" data-id=\"5137378\" data-element_type=\"widget\" data-e-type=\"widget\" data-widget_type=\"icon.default\">\n\t\t\t\t<div class=\"elementor-widget-container\">\n\t\t\t\t\t\t\t<div class=\"elementor-icon-wrapper\">\n\t\t\t<a class=\"elementor-icon elementor-animation-pulse-grow\" href=\"https:\/\/maisonboutique.app\/en\/attivita-culturali-venezia\/\">\n\t\t\t<svg xmlns=\"http:\/\/www.w3.org\/2000\/svg\" xmlns:xlink=\"http:\/\/www.w3.org\/1999\/xlink\" xmlns:svgjs=\"http:\/\/svgjs.com\/svgjs\" width=\"512\" height=\"512\" x=\"0\" y=\"0\" viewbox=\"0 0 512.003 512.003\" style=\"enable-background:new 0 0 512 512\" xml:space=\"preserve\"><g><path d=\"M15.12 472.147h481.767v39.856H15.12zM41.35 402.288h429.297v39.856H41.35zM256 0 15.116 116.088v30.772h481.768v-30.772zM35.388 176.86v37.014h38.16V372.29h77.032V213.874h66.904V372.29h77.032V213.874h66.904V372.29h77.032V213.874h38.16V176.86z\" fill=\"#7d7773\" data-original=\"#000000\"><\/path><\/g><\/svg>\t\t\t<\/a>\n\t\t<\/div>\n\t\t\t\t\t\t<\/div>\n\t\t\t\t<\/div>\n\t\t\t\t<div class=\"elementor-element elementor-element-b06e431 elementor-widget elementor-widget-heading\" data-id=\"b06e431\" data-element_type=\"widget\" data-e-type=\"widget\" data-widget_type=\"heading.default\">\n\t\t\t\t<div class=\"elementor-widget-container\">\n\t\t\t\t\t<h5 class=\"elementor-heading-title elementor-size-small\"><a href=\"https:\/\/maisonboutique.app\/en\/attivita-culturali-venezia\/\">Culture<\/a><\/h5>\t\t\t\t<\/div>\n\t\t\t\t<\/div>\n\t\t\t\t\t<\/div>\n\t\t<\/div>\n\t\t\t\t<div class=\"elementor-column elementor-col-25 elementor-top-column elementor-element elementor-element-236b776\" data-id=\"236b776\" data-element_type=\"column\" data-e-type=\"column\" data-settings=\"{&quot;background_background&quot;:&quot;classic&quot;}\">\n\t\t\t<div class=\"elementor-widget-wrap elementor-element-populated\">\n\t\t\t\t\t\t<div class=\"elementor-element elementor-element-de4c654 elementor-view-default elementor-widget elementor-widget-icon\" data-id=\"de4c654\" data-element_type=\"widget\" data-e-type=\"widget\" data-widget_type=\"icon.default\">\n\t\t\t\t<div class=\"elementor-widget-container\">\n\t\t\t\t\t\t\t<div class=\"elementor-icon-wrapper\">\n\t\t\t<a class=\"elementor-icon elementor-animation-pulse-grow\" href=\"https:\/\/maisonboutique.app\/en\/attivita-per-famiglie-venezia\/\">\n\t\t\t<i aria-hidden=\"true\" class=\"fas fa-users\"><\/i>\t\t\t<\/a>\n\t\t<\/div>\n\t\t\t\t\t\t<\/div>\n\t\t\t\t<\/div>\n\t\t\t\t<div class=\"elementor-element elementor-element-ff54f1d elementor-widget elementor-widget-heading\" data-id=\"ff54f1d\" data-element_type=\"widget\" data-e-type=\"widget\" data-widget_type=\"heading.default\">\n\t\t\t\t<div class=\"elementor-widget-container\">\n\t\t\t\t\t<h5 class=\"elementor-heading-title elementor-size-small\"><a href=\"https:\/\/maisonboutique.app\/en\/attivita-per-famiglie-venezia\/\">Family activities<\/a><\/h5>\t\t\t\t<\/div>\n\t\t\t\t<\/div>\n\t\t\t\t\t<\/div>\n\t\t<\/div>\n\t\t\t\t\t<\/div>\n\t\t<\/section>\n\t\t\t\t<\/div>","protected":false},"excerpt":{"rendered":"<p>ATTIVITA&#8217; ALL&#8217; APERTO Attivit\u00e0 per tutti Giardini Segreti Cultura Attivit\u00e0 per famiglie<\/p>","protected":false},"author":1,"featured_media":0,"parent":0,"menu_order":0,"comment_status":"closed","ping_status":"closed","template":"","meta":{"footnotes":""},"class_list":["post-2194","page","type-page","status-publish","hentry"],"yoast_head":"<!-- This site is optimized with the Yoast SEO Premium plugin v20.2.1 (Yoast SEO v27.3) - https:\/\/yoast.com\/product\/yoast-seo-premium-wordpress\/ -->\n<title>Attivit\u00e0 all&#039;aperto Venezia -<\/title>\n<meta name=\"robots\" content=\"noindex, follow, max-snippet:-1, max-image-preview:large, max-video-preview:-1\" \/>\n<meta property=\"og:locale\" content=\"en_GB\" \/>\n<meta property=\"og:type\" content=\"article\" \/>\n<meta property=\"og:title\" content=\"Attivit\u00e0 all&#039;aperto Venezia\" \/>\n<meta property=\"og:description\" content=\"ATTIVITA&#8217; ALL&#8217; APERTO Attivit\u00e0 per tutti Giardini Segreti Cultura Attivit\u00e0 per famiglie\" \/>\n<meta property=\"og:url\" content=\"https:\/\/maisonboutique.app\/en\/attivita-allaperto-venezia\/\" \/>\n<meta property=\"article:modified_time\" content=\"2023-04-24T12:54:53+00:00\" \/>\n<meta property=\"og:image\" content=\"https:\/\/maisonboutique.app\/wp-content\/uploads\/2022\/05\/mb250-grigrio-s.png\" \/>\n<meta name=\"twitter:card\" content=\"summary_large_image\" \/>\n<meta name=\"twitter:label1\" content=\"Estimated reading time\" \/>\n\t<meta name=\"twitter:data1\" content=\"1 minute\" \/>\n<script type=\"application\/ld+json\" class=\"yoast-schema-graph\">{\"@context\":\"https:\\\/\\\/schema.org\",\"@graph\":[{\"@type\":\"WebPage\",\"@id\":\"https:\\\/\\\/maisonboutique.app\\\/attivita-allaperto-venezia\",\"url\":\"https:\\\/\\\/maisonboutique.app\\\/attivita-allaperto-venezia\",\"name\":\"Attivit\u00e0 all'aperto Venezia -\",\"isPartOf\":{\"@id\":\"https:\\\/\\\/maisonboutique.app\\\/#website\"},\"primaryImageOfPage\":{\"@id\":\"https:\\\/\\\/maisonboutique.app\\\/attivita-allaperto-venezia#primaryimage\"},\"image\":{\"@id\":\"https:\\\/\\\/maisonboutique.app\\\/attivita-allaperto-venezia#primaryimage\"},\"thumbnailUrl\":\"https:\\\/\\\/maisonboutique.app\\\/wp-content\\\/uploads\\\/2022\\\/05\\\/mb250-grigrio-s.png\",\"datePublished\":\"2023-03-23T15:45:36+00:00\",\"dateModified\":\"2023-04-24T12:54:53+00:00\",\"breadcrumb\":{\"@id\":\"https:\\\/\\\/maisonboutique.app\\\/attivita-allaperto-venezia#breadcrumb\"},\"inLanguage\":\"en-GB\",\"potentialAction\":[{\"@type\":\"ReadAction\",\"target\":[\"https:\\\/\\\/maisonboutique.app\\\/attivita-allaperto-venezia\"]}]},{\"@type\":\"ImageObject\",\"inLanguage\":\"en-GB\",\"@id\":\"https:\\\/\\\/maisonboutique.app\\\/attivita-allaperto-venezia#primaryimage\",\"url\":\"https:\\\/\\\/maisonboutique.app\\\/wp-content\\\/uploads\\\/2022\\\/05\\\/mb250-grigrio-s.png\",\"contentUrl\":\"https:\\\/\\\/maisonboutique.app\\\/wp-content\\\/uploads\\\/2022\\\/05\\\/mb250-grigrio-s.png\"},{\"@type\":\"BreadcrumbList\",\"@id\":\"https:\\\/\\\/maisonboutique.app\\\/attivita-allaperto-venezia#breadcrumb\",\"itemListElement\":[{\"@type\":\"ListItem\",\"position\":1,\"name\":\"Home\",\"item\":\"https:\\\/\\\/maisonboutique.app\\\/\"},{\"@type\":\"ListItem\",\"position\":2,\"name\":\"Attivit\u00e0 all&#8217;aperto Venezia\"}]},{\"@type\":\"WebSite\",\"@id\":\"https:\\\/\\\/maisonboutique.app\\\/#website\",\"url\":\"https:\\\/\\\/maisonboutique.app\\\/\",\"name\":\"\",\"description\":\"\",\"potentialAction\":[{\"@type\":\"SearchAction\",\"target\":{\"@type\":\"EntryPoint\",\"urlTemplate\":\"https:\\\/\\\/maisonboutique.app\\\/?s={search_term_string}\"},\"query-input\":{\"@type\":\"PropertyValueSpecification\",\"valueRequired\":true,\"valueName\":\"search_term_string\"}}],\"inLanguage\":\"en-GB\"}]}<\/script>\n<!-- \/ Yoast SEO Premium plugin. -->","yoast_head_json":{"title":"Attivit\u00e0 all'aperto Venezia -","robots":{"index":"noindex","follow":"follow","max-snippet":"max-snippet:-1","max-image-preview":"max-image-preview:large","max-video-preview":"max-video-preview:-1"},"og_locale":"en_GB","og_type":"article","og_title":"Attivit\u00e0 all'aperto Venezia","og_description":"ATTIVITA&#8217; ALL&#8217; APERTO Attivit\u00e0 per tutti Giardini Segreti Cultura Attivit\u00e0 per famiglie","og_url":"https:\/\/maisonboutique.app\/en\/attivita-allaperto-venezia\/","article_modified_time":"2023-04-24T12:54:53+00:00","og_image":[{"url":"https:\/\/maisonboutique.app\/wp-content\/uploads\/2022\/05\/mb250-grigrio-s.png","type":"","width":"","height":""}],"twitter_card":"summary_large_image","twitter_misc":{"Estimated reading time":"1 minute"},"schema":{"@context":"https:\/\/schema.org","@graph":[{"@type":"WebPage","@id":"https:\/\/maisonboutique.app\/attivita-allaperto-venezia","url":"https:\/\/maisonboutique.app\/attivita-allaperto-venezia","name":"Attivit\u00e0 all'aperto Venezia -","isPartOf":{"@id":"https:\/\/maisonboutique.app\/#website"},"primaryImageOfPage":{"@id":"https:\/\/maisonboutique.app\/attivita-allaperto-venezia#primaryimage"},"image":{"@id":"https:\/\/maisonboutique.app\/attivita-allaperto-venezia#primaryimage"},"thumbnailUrl":"https:\/\/maisonboutique.app\/wp-content\/uploads\/2022\/05\/mb250-grigrio-s.png","datePublished":"2023-03-23T15:45:36+00:00","dateModified":"2023-04-24T12:54:53+00:00","breadcrumb":{"@id":"https:\/\/maisonboutique.app\/attivita-allaperto-venezia#breadcrumb"},"inLanguage":"en-GB","potentialAction":[{"@type":"ReadAction","target":["https:\/\/maisonboutique.app\/attivita-allaperto-venezia"]}]},{"@type":"ImageObject","inLanguage":"en-GB","@id":"https:\/\/maisonboutique.app\/attivita-allaperto-venezia#primaryimage","url":"https:\/\/maisonboutique.app\/wp-content\/uploads\/2022\/05\/mb250-grigrio-s.png","contentUrl":"https:\/\/maisonboutique.app\/wp-content\/uploads\/2022\/05\/mb250-grigrio-s.png"},{"@type":"BreadcrumbList","@id":"https:\/\/maisonboutique.app\/attivita-allaperto-venezia#breadcrumb","itemListElement":[{"@type":"ListItem","position":1,"name":"Home","item":"https:\/\/maisonboutique.app\/"},{"@type":"ListItem","position":2,"name":"Attivit\u00e0 all&#8217;aperto Venezia"}]},{"@type":"WebSite","@id":"https:\/\/maisonboutique.app\/#website","url":"https:\/\/maisonboutique.app\/","name":"","description":"","potentialAction":[{"@type":"SearchAction","target":{"@type":"EntryPoint","urlTemplate":"https:\/\/maisonboutique.app\/?s={search_term_string}"},"query-input":{"@type":"PropertyValueSpecification","valueRequired":true,"valueName":"search_term_string"}}],"inLanguage":"en-GB"}]}},"_links":{"self":[{"href":"https:\/\/maisonboutique.app\/en\/wp-json\/wp\/v2\/pages\/2194","targetHints":{"allow":["GET"]}}],"collection":[{"href":"https:\/\/maisonboutique.app\/en\/wp-json\/wp\/v2\/pages"}],"about":[{"href":"https:\/\/maisonboutique.app\/en\/wp-json\/wp\/v2\/types\/page"}],"author":[{"embeddable":true,"href":"https:\/\/maisonboutique.app\/en\/wp-json\/wp\/v2\/users\/1"}],"replies":[{"embeddable":true,"href":"https:\/\/maisonboutique.app\/en\/wp-json\/wp\/v2\/comments?post=2194"}],"version-history":[{"count":36,"href":"https:\/\/maisonboutique.app\/en\/wp-json\/wp\/v2\/pages\/2194\/revisions"}],"predecessor-version":[{"id":2545,"href":"https:\/\/maisonboutique.app\/en\/wp-json\/wp\/v2\/pages\/2194\/revisions\/2545"}],"wp:attachment":[{"href":"https:\/\/maisonboutique.app\/en\/wp-json\/wp\/v2\/media?parent=2194"}],"curies":[{"name":"wp","href":"https:\/\/api.w.org\/{rel}","templated":true}]}}